{"id":15739,"date":"2025-10-01T21:00:37","date_gmt":"2025-10-01T21:00:37","guid":{"rendered":"https:\/\/www.jardin-dubois.com\/?post_type=product&#038;p=15739"},"modified":"2025-10-11T11:14:35","modified_gmt":"2025-10-11T09:14:35","slug":"melange-de-bois-durs-1m-palette-de-2-steres","status":"publish","type":"product","link":"https:\/\/www.jardin-dubois.com\/index.php\/produit\/melange-de-bois-durs-1m-palette-de-2-steres\/","title":{"rendered":"M\u00e9lange de bois durs \u2013 1m \u2013 Palette de 2 st\u00e8res"},"content":{"rendered":"<table>\n<tbody>\n<tr>\n<td>Origine<\/td>\n<td>100% bois fran\u00e7ais<\/td>\n<\/tr>\n<tr>\n<td>Type de bois<\/td>\n<td>100% feuillus durs : ch\u00eane \u2013 charme \u2013 h\u00eatre \u2013 fr\u00eane<\/td>\n<\/tr>\n<tr>\n<td>Qualit\u00e9<\/td>\n<td>Groupe H1 G1<\/td>\n<\/tr>\n<tr>\n<td>Longueur<\/td>\n<td>1 m (\u22605%)<\/td>\n<\/tr>\n<tr>\n<td>Nombres. de st\u00e8res<\/td>\n<td>2<\/td>\n<\/tr>\n<tr>\n<td>PCI sur brut<\/td>\n<td>\u2265 3,9 kWh.kg-1<\/td>\n<\/tr>\n<tr>\n<td>Taux d\u2019humidit\u00e9<\/td>\n<td>\u2264 20%<\/td>\n<\/tr>\n<tr>\n<td>Taux de cendre<\/td>\n<td>\u2264 1,5%<\/td>\n<\/tr>\n<tr>\n<td>Utilisation<\/td>\n<td>Imm\u00e9diate<\/td>\n<\/tr>\n<tr>\n<td>Comportement \u00e0 l\u2019allumage<\/td>\n<td>Allumage rapide et chaleur imm\u00e9diate<\/td>\n<\/tr>\n<tr>\n<td>Performance de combustion<\/td>\n<td>Garantie du rendement sur l\u2019appareil<\/td>\n<\/tr>\n<\/tbody>\n<\/table>\n","protected":false},"excerpt":{"rendered":"<p>Compos\u00e9 des meilleures essences de feuillus durs : ch\u00eane, charme, fr\u00eane et h\u00eatre.<br \/>\nNous garantissons un rendement maximal de votre Po\u00eale \u00e0 bois.<\/p>\n<p>Longueur : 1 m (\u22605%)<br \/>\nNmbr. de st\u00e8res : 2<br \/>\nType de bois : 100% feuillus durs : ch\u00eane \u2013 charme \u2013 h\u00eatre \u2013 fr\u00eane<br \/>\nTaux d\u2019humidit\u00e9 : \u2264 20%<br \/>\nTaux de cendre : \u2264 1,5%<\/p>\n<ul class=\"_15dcaa09 _0811acb9\">\n<li class=\"ccb9d67a _17d3fa36 _4fd271c8 ee063513 cc6bbaee\">Bois de chauffage provenant exclusivement de For\u00eats Fran\u00e7aises et certifi\u00e9es PEFC (gestion durable)<\/li>\n<li class=\"ccb9d67a _17d3fa36 _4fd271c8 ee063513 cc6bbaee\">Bois s\u00e9ch\u00e9 naturellement \u00e0 l\u2019air (empreinte carbone faible) contenant entre 10 et 20% d\u2019humidit\u00e9 selon les essences et saisons<\/li>\n<\/ul>\n","protected":false},"featured_media":15809,"comment_status":"open","ping_status":"closed","template":"","meta":[],"product_brand":[],"product_cat":[72],"product_tag":[],"class_list":{"0":"post-15739","1":"product","2":"type-product","3":"status-publish","4":"has-post-thumbnail","6":"product_cat-bois-de-chauffage","8":"first","9":"instock","10":"sale","11":"taxable","12":"shipping-taxable","13":"purchasable","14":"product-type-simple"},"_links":{"self":[{"href":"https:\/\/www.jardin-dubois.com\/index.php\/wp-json\/wp\/v2\/product\/15739","targetHints":{"allow":["GET"]}}],"collection":[{"href":"https:\/\/www.jardin-dubois.com\/index.php\/wp-json\/wp\/v2\/product"}],"about":[{"href":"https:\/\/www.jardin-dubois.com\/index.php\/wp-json\/wp\/v2\/types\/product"}],"replies":[{"embeddable":true,"href":"https:\/\/www.jardin-dubois.com\/index.php\/wp-json\/wp\/v2\/comments?post=15739"}],"version-history":[{"count":1,"href":"https:\/\/www.jardin-dubois.com\/index.php\/wp-json\/wp\/v2\/product\/15739\/revisions"}],"predecessor-version":[{"id":15815,"href":"https:\/\/www.jardin-dubois.com\/index.php\/wp-json\/wp\/v2\/product\/15739\/revisions\/15815"}],"wp:featuredmedia":[{"embeddable":true,"href":"https:\/\/www.jardin-dubois.com\/index.php\/wp-json\/wp\/v2\/media\/15809"}],"wp:attachment":[{"href":"https:\/\/www.jardin-dubois.com\/index.php\/wp-json\/wp\/v2\/media?parent=15739"}],"wp:term":[{"taxonomy":"product_brand","embeddable":true,"href":"https:\/\/www.jardin-dubois.com\/index.php\/wp-json\/wp\/v2\/product_brand?post=15739"},{"taxonomy":"product_cat","embeddable":true,"href":"https:\/\/www.jardin-dubois.com\/index.php\/wp-json\/wp\/v2\/product_cat?post=15739"},{"taxonomy":"product_tag","embeddable":true,"href":"https:\/\/www.jardin-dubois.com\/index.php\/wp-json\/wp\/v2\/product_tag?post=15739"}],"curies":[{"name":"wp","href":"https:\/\/api.w.org\/{rel}","templated":true}]}}