{"id":28140,"date":"2025-10-03T15:13:53","date_gmt":"2025-10-03T13:13:53","guid":{"rendered":"https:\/\/www.jardin-dubois.com\/?page_id=28140"},"modified":"2025-10-05T08:14:33","modified_gmt":"2025-10-05T06:14:33","slug":"livraison","status":"publish","type":"page","link":"https:\/\/www.jardin-dubois.com\/index.php\/livraison\/","title":{"rendered":"Livraison"},"content":{"rendered":"\t\t<div data-elementor-type=\"wp-page\" data-elementor-id=\"28140\" class=\"elementor elementor-28140\" data-elementor-post-type=\"page\">\n\t\t\t\t<div class=\"wd-negative-gap elementor-element elementor-element-2c51df0 e-flex e-con-boxed e-con e-parent\" data-id=\"2c51df0\" data-element_type=\"container\" data-e-type=\"container\">\n\t\t\t\t\t<div class=\"e-con-inner\">\n\t\t\t\t<div class=\"elementor-element elementor-element-55e2120 elementor-widget elementor-widget-wd_text_block\" data-id=\"55e2120\" data-element_type=\"widget\" data-e-type=\"widget\" data-widget_type=\"wd_text_block.default\">\n\t\t\t\t<div class=\"elementor-widget-container\">\n\t\t\t\t\t\t\t<div class=\"wd-text-block reset-last-child text-left\">\n\t\t\t\n\t\t\t<h1 class=\"wp-block-heading\">Livraison<\/h1><p><strong>Exp\u00e9dition Standard Gratuite :<\/strong><\/p><ul><li>D\u00e9lais de traitement : 0 \u00e0 1 jour ouvrable.<\/li><li>D\u00e9lais de livraison estim\u00e9s : 5 \u00e0 6 jours ouvrables apr\u00e8s traitement.<\/li><li>Temps total estim\u00e9 : 5 \u00e0 7 jours ouvrables \u00e0 compter de la date de commande.<\/li><\/ul><p><strong>D\u00e9lai d\u2019exp\u00e9dition<\/strong><\/p><p>Les livraisons sont effectu\u00e9es par les soins de la soci\u00e9t\u00e9 Jardi du Bois ou partenaire au lieu convenu avec le client dans un d\u00e9lai minimum de 5 \u00e0 7 jours ouvrables (hors dimanches et jours f\u00e9ri\u00e9s) apr\u00e8s enregistrement et acceptation de la commande.<\/p><p><strong>Marchandises livr\u00e9es<\/strong><\/p><p>Les marchandises sont livr\u00e9es \u00e0 domicile et \/ ou en tout lieu de livraison d\u00e9finie par l\u2019acheteur ,sauf si l\u2019acheteur opte pour un retrait de marchandises sur place (en magasin).<\/p><p>Dans le cas d\u2019une livraison en urgence, veuillez nous contacter apr\u00e8s votre commande<\/p><p><strong>Validation de livraison<\/strong><\/p><p>D\u00e8s la r\u00e9ception de la commande , dans un d\u00e9lai bref, un contact (email ou t\u00e9l\u00e9phonique) sera pris avec le client pour fixer un horaire de livraison, valider sa pr\u00e9sence et les informations donn\u00e9es ult\u00e9rieurement.<\/p><p><strong>R\u00e9ception de marchandises<\/strong><\/p><p>A la r\u00e9ception de la marchandise sur le lieu de livraison, il appartient au client de v\u00e9rifier la conformit\u00e9 des marchandises livr\u00e9es avec la commande, et de faire, le cas \u00e9ch\u00e9ant, toutes observations \u00e9crites aupr\u00e8s du livreur.<\/p><p>Aucun d\u00e9chargement de marchandises ne s\u2019effectuera sans la pr\u00e9sence du client ou d\u2019une personne physique recommand\u00e9 par celui \u2013 ci.<br \/>Seules les r\u00e9clamations consign\u00e9es par \u00e9crit \u00e0 la livraison pourront \u00eatre prises en consid\u00e9ration.<br \/>Aucune autre r\u00e9clamation ne sera prise en compte ult\u00e9rieurement.<\/p><p><strong>Retrait de marchandises sur place<\/strong><\/p><p>La soci\u00e9t\u00e9 <strong>Jardin du <\/strong><strong>Bois <\/strong>\u00a0laisse \u00e0 disposition du client, au si\u00e8ge de la soci\u00e9t\u00e9 ou dans ces centres annexes, les commandes de granul\u00e9s et de b\u00fbches achet\u00e9es et pay\u00e9es par palette, pour lesquelles elle assure \u00ab le gardiennage \u00bb..<\/p><p><strong>Retour garanties et responsabilit\u00e9<\/strong><\/p><p>Conform\u00e9ment aux dispositions l\u00e9gales, la soci\u00e9t\u00e9 <strong>Jardin du <\/strong><strong>Bois<\/strong>\u00a0s\u2019engage \u00e0 livrer tout produit achet\u00e9 par internet \u00e0 la date indiqu\u00e9e dans son offre commerciale.<br \/>A d\u00e9faut d\u2019indication d\u2019une date de livraison, la soci\u00e9t\u00e9 <strong>Jardin du <\/strong><strong>Bois<\/strong>\u00a0s\u2019engage \u00e0 livrer au plus tard dans les 5 jours \u00e0 compter de l\u2019enregistrement et paiement de la commande.<\/p>\n\t\t\t\t\t<\/div>\n\t\t\t\t\t\t<\/div>\n\t\t\t\t<\/div>\n\t\t\t\t\t<\/div>\n\t\t\t\t<\/div>\n\t\t\t\t<\/div>\n\t\t","protected":false},"excerpt":{"rendered":"<p>Livraison Exp\u00e9dition Standard Gratuite : D\u00e9lais de traitement : 0 \u00e0 1 jour ouvrable. D\u00e9lais de livraison estim\u00e9s : 5<\/p>\n","protected":false},"author":1,"featured_media":0,"parent":0,"menu_order":0,"comment_status":"closed","ping_status":"closed","template":"","meta":{"footnotes":""},"class_list":["post-28140","page","type-page","status-publish","hentry"],"_links":{"self":[{"href":"https:\/\/www.jardin-dubois.com\/index.php\/wp-json\/wp\/v2\/pages\/28140","targetHints":{"allow":["GET"]}}],"collection":[{"href":"https:\/\/www.jardin-dubois.com\/index.php\/wp-json\/wp\/v2\/pages"}],"about":[{"href":"https:\/\/www.jardin-dubois.com\/index.php\/wp-json\/wp\/v2\/types\/page"}],"author":[{"embeddable":true,"href":"https:\/\/www.jardin-dubois.com\/index.php\/wp-json\/wp\/v2\/users\/1"}],"replies":[{"embeddable":true,"href":"https:\/\/www.jardin-dubois.com\/index.php\/wp-json\/wp\/v2\/comments?post=28140"}],"version-history":[{"count":7,"href":"https:\/\/www.jardin-dubois.com\/index.php\/wp-json\/wp\/v2\/pages\/28140\/revisions"}],"predecessor-version":[{"id":28319,"href":"https:\/\/www.jardin-dubois.com\/index.php\/wp-json\/wp\/v2\/pages\/28140\/revisions\/28319"}],"wp:attachment":[{"href":"https:\/\/www.jardin-dubois.com\/index.php\/wp-json\/wp\/v2\/media?parent=28140"}],"curies":[{"name":"wp","href":"https:\/\/api.w.org\/{rel}","templated":true}]}}